{"id":724,"date":"2020-05-12T15:02:52","date_gmt":"2020-05-12T13:02:52","guid":{"rendered":"http:\/\/radiors.iutrs.unistra.fr\/?page_id=724"},"modified":"2020-07-08T16:23:01","modified_gmt":"2020-07-08T14:23:01","slug":"dreamers","status":"publish","type":"page","link":"https:\/\/radiors.iutrs.unistra.fr\/index.php\/podcasts\/dreamers\/","title":{"rendered":"Dreame&rsquo;RS"},"content":{"rendered":"\t\t<div data-elementor-type=\"wp-page\" data-elementor-id=\"724\" class=\"elementor elementor-724\">\n\t\t\t\t\t\t<section class=\"elementor-section elementor-top-section elementor-element elementor-element-46836245 elementor-section-boxed elementor-section-height-default elementor-section-height-default\" data-id=\"46836245\" data-element_type=\"section\" data-e-type=\"section\">\n\t\t\t\t\t\t<div class=\"elementor-container elementor-column-gap-default\">\n\t\t\t\t\t<div class=\"elementor-column elementor-col-100 elementor-top-column elementor-element elementor-element-507054ce\" data-id=\"507054ce\" data-element_type=\"column\" data-e-type=\"column\">\n\t\t\t<div class=\"elementor-widget-wrap elementor-element-populated\">\n\t\t\t\t\t\t<div class=\"elementor-element elementor-element-2d0f9d04 elementor-widget elementor-widget-text-editor\" data-id=\"2d0f9d04\" data-element_type=\"widget\" data-e-type=\"widget\" data-widget_type=\"text-editor.default\">\n\t\t\t\t<div class=\"elementor-widget-container\">\n\t\t\t\t\t\t\t\t\t<p>Dans chaque nouvelle \u00e9mission, vous pourrez d\u00e9couvrir et partager le r\u00eave de quelqu&rsquo;un. N&rsquo;h\u00e9sitez pas \u00e0 venir partager le v\u00f4tre !<\/p>\t\t\t\t\t\t\t\t<\/div>\n\t\t\t\t<\/div>\n\t\t\t\t\t<\/div>\n\t\t<\/div>\n\t\t\t\t\t<\/div>\n\t\t<\/section>\n\t\t\t\t<section class=\"elementor-section elementor-top-section elementor-element elementor-element-834a2da elementor-section-boxed elementor-section-height-default elementor-section-height-default\" data-id=\"834a2da\" data-element_type=\"section\" data-e-type=\"section\">\n\t\t\t\t\t\t<div class=\"elementor-container elementor-column-gap-default\">\n\t\t\t\t\t<div class=\"elementor-column elementor-col-100 elementor-top-column elementor-element elementor-element-ca7ed59\" data-id=\"ca7ed59\" data-element_type=\"column\" data-e-type=\"column\">\n\t\t\t<div class=\"elementor-widget-wrap elementor-element-populated\">\n\t\t\t\t\t\t<div class=\"elementor-element elementor-element-56d2f83 elementor-widget elementor-widget-music-player\" data-id=\"56d2f83\" data-element_type=\"widget\" data-e-type=\"widget\" data-widget_type=\"music-player.default\">\n\t\t\t\t<div class=\"elementor-widget-container\">\n\t\t\t\t\t<article id=\"arbitrary-instance-69e732e9e5360\" class=\"iron_widget_radio playlist_enabled\"><div class=\"iron-audioplayer  show-playlist playlist_has_no_ctas skin_floated\" id=\"arbitrary-instance-69e732e9e5360-e0ee148315\" data-id=\"arbitrary-instance-69e732e9e5360\" data-track-sw-cursor=\"\" data-lazyload=\"\" data-albums=\"720\" data-category=\"\" data-url-playlist=\"https:\/\/radiors.iutrs.unistra.fr\/?load=playlist.json&#038;title=&#038;albums=720&#038;category=&#038;posts_not_in=&#038;category_not_in=&#038;author=&#038;feed_title=&#038;feed=&#038;feed_img=&#038;el_widget_id=&#038;artwork=&#038;posts_per_pages=-1&#038;all_category=&#038;single_playlist=&#038;reverse_tracklist=&#038;audio_meta_field=&#038;repeater_meta_field=&#038;import_file=&#038;rss_items=-1&#038;rss_item_title=&#038;is_favorite=&#038;is_recentlyplayed=&#038;srp_order=date_DESC\" data-sticky-player=\"\" data-shuffle=\"false\" data-playlist_title=\"\" data-scrollbar=\"\" data-wave-color=\"\" data-wave-progress-color=\"\" data-spectro=\"\" data-no-wave=\"\" data-hide-progressbar=\"\" data-progress-bar-style=\"\"data-feedurl=\"0\" data-notrackskip=\"\" data-no-loop-tracklist=\"\" data-playertemplate =\"skin_float_tracklist\" data-hide-artwork =\"\" data-speedrate=\"1\"  data-tracks-per-page=\"\" data-pagination_scroll_offset=\"\" data-adaptive-colors=\"\" data-adaptive-colors-freeze=\"\" style=\"opacity:0;\"><div class=\"sonaar-grid\" ><div class=\"sonaar-Artwort-box \">\n                <div class=\"control\">\n                    \n                <\/div>\n                <div class=\"album\">\n                    <div class=\"album-art\">\n                        <img alt=\"album-art\">\n                    <\/div>\n                <\/div>\n                <\/div><div class=\"playlist sr_waveform_mediaElement\"  id=\"playlist_arbitrary-instance-69e732e9e5360\"><h3 class=\"sr_it-playlist-title\"><\/h3><div class=\"srp_subtitle\"><\/div><div class=\"srp_tracklist\"><ul class=\"srp_list\"><li \n            class=\"sr-playlist-item\" \n            data-audiopath=\"https:\/\/radiors.iutrs.unistra.fr\/wp-content\/uploads\/2020\/05\/DreameRS_radiors_webradio_iutrs.mp3\"\n            data-showloading=\"1\"\n            data-albumTitle=\"Dreame&#039;RS\"\n            data-albumArt=\"\"\n            data-releasedate=\"\"\n            data-date=\"2020\/05\/12\"\n            data-date-formated=\"12 mai 2020\"\n            data-show-date=\"\"\n            data-trackTitle=\"Dreame\u2019RS #1 \u2013 Solveig et Gabriel\"\n            data-artist=\"Tiphaine\"\n            data-trackID=\"697\"\n            data-trackTime=\"\"\n            data-relatedTrack=\"\"\n            data-post-url=\"\"\n            data-post-id=\"720\"\n            data-track-pos=\"0\"\n            data-peakFile=\"\"\n            data-peakFile-allow=\"\"\n            data-is-preview=\"\"\n            data-track-lyric=\"\" data-icecast_json=\"\" data-icecast_mount=\"\"><div class=\"sr-playlist-item-flex\"><span class=\"store-list\"><\/span><\/div><div class=\"srp_track_description\"><\/div><\/li><\/ul><\/div><\/div><\/div><div class=\"album-player sr_waveform_mediaElement\"><div class=\"srp_miniplayer_metas\"><div class=\" srp_meta srp_meta_0 track-title\" data-prefix=\"\" aria-label=\"Track title\"><\/div><\/div> <div class=\"player \" ><div class=\"sr_progressbar\">\n                \n            <div class=\"currentTime\">00:00<\/div>\n         \n                <div id=\"arbitrary-instance-69e732e9e5360-7150fd35b2-wave\" class=\"wave\" >\n                 \n        <div class=\"sonaar_fake_wave\" style=\"height:70px\"> \n            <audio src=\"\" class=\"sonaar_media_element\"><\/audio> \n            <div class=\"sonaar_wave_base\"> \n                <canvas id=\"sonaar_wave_base_canvas\" class=\"\" height=\"70\" width=\"2540\"><\/canvas> \n                <svg><\/svg> \n            <\/div> \n            <div class=\"sonaar_wave_cut\"> \n                <canvas id=\"sonaar_wave_cut_canvas\" class=\"\" height=\"70\" width=\"2540\"><\/canvas> \n                <svg><\/svg> \n            <\/div> \n        <\/div> \n                <\/div>\n                \n            <div class=\"totalTime\"><\/div>\n         \n             <\/div><div class=\"srp_main_control srp_oneColumn\"><div class=\"control\"><div role=\"button\" tabindex=\"0\" class=\"play\" style=\"opacity:0;\" aria-label=\"Play\" title=\"\">\n                <i class=\"sricon-play\"><\/i>\n            <\/div><\/div><div class=\"control\"><\/div><\/div><\/div><\/div><div class=\"album-store\"><\/div><\/div><script id=\"srp_js_params_69e732e9e5360\">\n        var srp_player_params_69e732e9e5360 = {\"title\":\"\",\"store_title_text\":\"\",\"albums\":\"720\",\"hide_artwork\":\"false\",\"sticky_player\":\"\",\"show_album_market\":\"true\",\"show_track_market\":\"true\",\"hide_timeline\":\"false\",\"elementor\":\"true\",\"tracks_per_page\":\"\",\"titletag_soundwave\":\"div\",\"titletag_playlist\":\"h3\",\"show_control_on_hover\":\"false\",\"show_playlist\":\"true\",\"reverse_tracklist\":\"\",\"wave_color\":\"\",\"wave_progress_color\":\"\",\"spectro\":\"\",\"shuffle\":\"\",\"searchbar\":\"\",\"searchbar_placeholder\":\"\",\"player_layout\":\"skin_float_tracklist\",\"artwork\":\"\",\"orderby\":\"date\",\"order\":\"DESC\",\"use_play_label_with_icon\":\"false\",\"main_settings\":\"||\"} \n        var srp_player_params_args_69e732e9e5360 = {\"before_widget\":\"<article id=\\\"arbitrary-instance-69e732e9e5360\\\" class=\\\"iron_widget_radio playlist_enabled\\\">\",\"after_widget\":\"<\\\/article>\",\"before_title\":\"<span class='heading-t3'><\\\/span><h3 class=\\\"widgettitle\\\">\",\"after_title\":\"<\\\/h3>\",\"widget_id\":\"arbitrary-instance-69e732e9e5360\"}  \n        <\/script><script>if(typeof setIronAudioplayers !== \"undefined\"){ setIronAudioplayers(\"arbitrary-instance-69e732e9e5360\"); }<\/script><\/article>\t\t\t\t<\/div>\n\t\t\t\t<\/div>\n\t\t\t\t\t<\/div>\n\t\t<\/div>\n\t\t\t\t\t<\/div>\n\t\t<\/section>\n\t\t\t\t<\/div>\n\t\t","protected":false},"excerpt":{"rendered":"<p>Dans chaque nouvelle \u00e9mission, vous pourrez d\u00e9couvrir et partager le r\u00eave de quelqu&rsquo;un. N&rsquo;h\u00e9sitez pas \u00e0 venir partager le v\u00f4tre !<\/p>\n","protected":false},"author":4,"featured_media":0,"parent":17,"menu_order":7,"comment_status":"closed","ping_status":"closed","template":"","meta":{"footnotes":""},"class_list":["post-724","page","type-page","status-publish","hentry"],"_links":{"self":[{"href":"https:\/\/radiors.iutrs.unistra.fr\/index.php\/wp-json\/wp\/v2\/pages\/724","targetHints":{"allow":["GET"]}}],"collection":[{"href":"https:\/\/radiors.iutrs.unistra.fr\/index.php\/wp-json\/wp\/v2\/pages"}],"about":[{"href":"https:\/\/radiors.iutrs.unistra.fr\/index.php\/wp-json\/wp\/v2\/types\/page"}],"author":[{"embeddable":true,"href":"https:\/\/radiors.iutrs.unistra.fr\/index.php\/wp-json\/wp\/v2\/users\/4"}],"replies":[{"embeddable":true,"href":"https:\/\/radiors.iutrs.unistra.fr\/index.php\/wp-json\/wp\/v2\/comments?post=724"}],"version-history":[{"count":3,"href":"https:\/\/radiors.iutrs.unistra.fr\/index.php\/wp-json\/wp\/v2\/pages\/724\/revisions"}],"predecessor-version":[{"id":735,"href":"https:\/\/radiors.iutrs.unistra.fr\/index.php\/wp-json\/wp\/v2\/pages\/724\/revisions\/735"}],"up":[{"embeddable":true,"href":"https:\/\/radiors.iutrs.unistra.fr\/index.php\/wp-json\/wp\/v2\/pages\/17"}],"wp:attachment":[{"href":"https:\/\/radiors.iutrs.unistra.fr\/index.php\/wp-json\/wp\/v2\/media?parent=724"}],"curies":[{"name":"wp","href":"https:\/\/api.w.org\/{rel}","templated":true}]}}